{"id":160,"date":"2020-02-25T16:00:36","date_gmt":"2020-02-25T16:00:36","guid":{"rendered":"https:\/\/galeria.arpa.buap.mx\/gamelab\/?page_id=160"},"modified":"2026-03-23T18:58:48","modified_gmt":"2026-03-23T18:58:48","slug":"publicaciones","status":"publish","type":"page","link":"https:\/\/galeria.arpa.buap.mx\/gamelab\/publicaciones\/","title":{"rendered":"Publicaciones"},"content":{"rendered":"\n<div class=\"wp-block-media-text alignfull is-stacked-on-mobile is-vertically-aligned-top\" style=\"grid-template-columns:26% auto\"><figure class=\"wp-block-media-text__media\"><img decoding=\"async\" loading=\"lazy\" width=\"1002\" height=\"725\" src=\"https:\/\/galeria.arpa.buap.mx\/gamelab\/wp-content\/uploads\/sites\/2\/2020\/02\/redcellStates.png\" alt=\"\" class=\"wp-image-161 size-full\" srcset=\"https:\/\/galeria.arpa.buap.mx\/gamelab\/wp-content\/uploads\/sites\/2\/2020\/02\/redcellStates.png 1002w, https:\/\/galeria.arpa.buap.mx\/gamelab\/wp-content\/uploads\/sites\/2\/2020\/02\/redcellStates-300x217.png 300w, https:\/\/galeria.arpa.buap.mx\/gamelab\/wp-content\/uploads\/sites\/2\/2020\/02\/redcellStates-768x556.png 768w\" sizes=\"(max-width: 1002px) 100vw, 1002px\" \/><\/figure><div class=\"wp-block-media-text__content\">\n<p><strong>M\u00e1quina de estados finita con comportamientos de direcci\u00f3n para manipular agentes de juego RedCell<\/strong> (2018)<\/p>\n\n\n\n<p>Resumen. RedCell es un videojuego surgido del Global Game Jam 2018 creado por integrantes de la Escuela de Artes Pl\u00e1sticas y Audiovisuales (ARPA) de la BUAP, en el cual se lleva a cabo una competencia dentro del cuerpo humano para contaminar c\u00e9lulas y destruir al oponente. Parte de este juego es la competencia contra un agente controlado por la computadora que busca tambi\u00e9n contaminar y vencer al jugador. Este trabajo se enfoca en la descripci\u00f3n de como se ha ido desarrollando el sistema que controla al agente aut\u00f3nomo a trav\u00e9s del dise\u00f1o e implementaci\u00f3n de una m\u00e1quina de estados que manipula el flujo de ejecuci\u00f3n y adem\u00e1s permite que el agente utilice distintos comportamientos de direcci\u00f3n para la locomoci\u00f3n del jugador artificial. La combinaci\u00f3n de m\u00e1quinas de estados con comportamientos de direcci\u00f3n permite generar conductas complejas que brindan una sensaci\u00f3n de competencia dentro del juego, que es el objetivo del desarrollo de esta inteligencia artificial, procurando siempre mantener un balance en la dificultad para evitar frustraci\u00f3n por ser demasiado dif\u00edcil o aburrimiento por ser demasiado sencilla.<\/p>\n\n\n\n<p>Palabras clave: <em>M\u00e1quina de Estados Finita, Comportamientos de Direcci\u00f3n, Agentes de Juego, Raycast, RedCell<\/em><\/p>\n\n\n\n<p><a href=\"https:\/\/www.rcs.cic.ipn.mx\/2018_147_8\/\">https:\/\/www.rcs.cic.ipn.mx\/2018_147_8\/<\/a><\/p>\n<\/div><\/div>\n\n\n<hr \/>","protected":false},"excerpt":{"rendered":"<p>M\u00e1quina de estados finita con comportamientos de direcci\u00f3n para manipular agentes de juego RedCell (2018) Resumen. RedCell es un videojuego surgido del Global Game Jam 2018 creado por integrantes de la Escuela de Artes Pl\u00e1sticas y Audiovisuales (ARPA) de la BUAP, en el cual se lleva a cabo una competencia dentro del cuerpo humano para&#8230;<\/p>\n","protected":false},"author":6,"featured_media":0,"parent":0,"menu_order":0,"comment_status":"closed","ping_status":"closed","template":"","meta":{"_kad_post_transparent":"","_kad_post_title":"","_kad_post_layout":"","_kad_post_sidebar_id":"","_kad_post_content_style":"","_kad_post_vertical_padding":"","_kad_post_feature":"","_kad_post_feature_position":"","_kad_post_header":false,"_kad_post_footer":false,"footnotes":""},"_links":{"self":[{"href":"https:\/\/galeria.arpa.buap.mx\/gamelab\/wp-json\/wp\/v2\/pages\/160"}],"collection":[{"href":"https:\/\/galeria.arpa.buap.mx\/gamelab\/wp-json\/wp\/v2\/pages"}],"about":[{"href":"https:\/\/galeria.arpa.buap.mx\/gamelab\/wp-json\/wp\/v2\/types\/page"}],"author":[{"embeddable":true,"href":"https:\/\/galeria.arpa.buap.mx\/gamelab\/wp-json\/wp\/v2\/users\/6"}],"replies":[{"embeddable":true,"href":"https:\/\/galeria.arpa.buap.mx\/gamelab\/wp-json\/wp\/v2\/comments?post=160"}],"version-history":[{"count":4,"href":"https:\/\/galeria.arpa.buap.mx\/gamelab\/wp-json\/wp\/v2\/pages\/160\/revisions"}],"predecessor-version":[{"id":293,"href":"https:\/\/galeria.arpa.buap.mx\/gamelab\/wp-json\/wp\/v2\/pages\/160\/revisions\/293"}],"wp:attachment":[{"href":"https:\/\/galeria.arpa.buap.mx\/gamelab\/wp-json\/wp\/v2\/media?parent=160"}],"curies":[{"name":"wp","href":"https:\/\/api.w.org\/{rel}","templated":true}]}}