{"id":172,"date":"2020-02-25T20:49:23","date_gmt":"2020-02-25T20:49:23","guid":{"rendered":"https:\/\/galeria.arpa.buap.mx\/gamelab\/?page_id=172"},"modified":"2022-02-09T02:15:02","modified_gmt":"2022-02-09T02:15:02","slug":"juegos","status":"publish","type":"page","link":"https:\/\/galeria.arpa.buap.mx\/gamelab\/juegos\/","title":{"rendered":"Juegos"},"content":{"rendered":"<p><!--StartFragment--><\/p>\n\n\n<h2 class=\"wp-block-heading\">Global Game Jam 2022<\/h2>\n\n\n\n<div class=\"wp-block-media-text alignwide is-stacked-on-mobile\"><figure class=\"wp-block-media-text__media\"><img decoding=\"async\" loading=\"lazy\" width=\"1024\" height=\"1022\" src=\"https:\/\/galeria.arpa.buap.mx\/gamelab\/wp-content\/uploads\/sites\/2\/2022\/02\/WhatsApp-Image-2022-01-27-at-7.52.48-PM-1024x1022.jpeg\" alt=\"\" class=\"wp-image-274 size-full\" srcset=\"https:\/\/galeria.arpa.buap.mx\/gamelab\/wp-content\/uploads\/sites\/2\/2022\/02\/WhatsApp-Image-2022-01-27-at-7.52.48-PM-1024x1022.jpeg 1024w, https:\/\/galeria.arpa.buap.mx\/gamelab\/wp-content\/uploads\/sites\/2\/2022\/02\/WhatsApp-Image-2022-01-27-at-7.52.48-PM-300x300.jpeg 300w, https:\/\/galeria.arpa.buap.mx\/gamelab\/wp-content\/uploads\/sites\/2\/2022\/02\/WhatsApp-Image-2022-01-27-at-7.52.48-PM-150x150.jpeg 150w, https:\/\/galeria.arpa.buap.mx\/gamelab\/wp-content\/uploads\/sites\/2\/2022\/02\/WhatsApp-Image-2022-01-27-at-7.52.48-PM-768x767.jpeg 768w, https:\/\/galeria.arpa.buap.mx\/gamelab\/wp-content\/uploads\/sites\/2\/2022\/02\/WhatsApp-Image-2022-01-27-at-7.52.48-PM-270x270.jpeg 270w, https:\/\/galeria.arpa.buap.mx\/gamelab\/wp-content\/uploads\/sites\/2\/2022\/02\/WhatsApp-Image-2022-01-27-at-7.52.48-PM-480x480.jpeg 480w, https:\/\/galeria.arpa.buap.mx\/gamelab\/wp-content\/uploads\/sites\/2\/2022\/02\/WhatsApp-Image-2022-01-27-at-7.52.48-PM-100x100.jpeg 100w, https:\/\/galeria.arpa.buap.mx\/gamelab\/wp-content\/uploads\/sites\/2\/2022\/02\/WhatsApp-Image-2022-01-27-at-7.52.48-PM.jpeg 1280w\" sizes=\"(max-width: 1024px) 100vw, 1024px\" \/><\/figure><div class=\"wp-block-media-text__content\">\n<p class=\"has-large-font-size\">\u00a1Revisa los juegos que se realizaron por segunda ocasi\u00f3n a distancia!<\/p>\n\n\n\n<p>Una vez m\u00e1s el evento se dio a distancia, pero logramos divertirnos y crear varias ideas bajo la premisa de &#8220;Dualidad&#8221;.<\/p>\n\n\n\n<p>Checa aqu\u00ed los juegos:<\/p>\n\n\n\n<p><a href=\"https:\/\/globalgamejam.org\/2022\/jam-sites\/arpa-game-lab\/games\">https:\/\/globalgamejam.org\/2022\/jam-sites\/arpa-game-lab\/games<\/a><\/p>\n<\/div><\/div>\n\n\n\n<hr class=\"wp-block-separator\" \/>\n\n\n\n<p><\/p>\n\n\n\n<h2 class=\"wp-block-heading\">Global Game Jam 2021<\/h2>\n\n\n\n<div class=\"wp-block-media-text alignwide is-stacked-on-mobile\"><figure class=\"wp-block-media-text__media\"><img decoding=\"async\" loading=\"lazy\" width=\"663\" height=\"1024\" src=\"https:\/\/galeria.arpa.buap.mx\/gamelab\/wp-content\/uploads\/sites\/2\/2022\/02\/poster_arpagamelab_mexico-663x1024.jpg\" alt=\"\" class=\"wp-image-275 size-full\" srcset=\"https:\/\/galeria.arpa.buap.mx\/gamelab\/wp-content\/uploads\/sites\/2\/2022\/02\/poster_arpagamelab_mexico-663x1024.jpg 663w, https:\/\/galeria.arpa.buap.mx\/gamelab\/wp-content\/uploads\/sites\/2\/2022\/02\/poster_arpagamelab_mexico-194x300.jpg 194w, https:\/\/galeria.arpa.buap.mx\/gamelab\/wp-content\/uploads\/sites\/2\/2022\/02\/poster_arpagamelab_mexico-768x1186.jpg 768w, https:\/\/galeria.arpa.buap.mx\/gamelab\/wp-content\/uploads\/sites\/2\/2022\/02\/poster_arpagamelab_mexico-995x1536.jpg 995w, https:\/\/galeria.arpa.buap.mx\/gamelab\/wp-content\/uploads\/sites\/2\/2022\/02\/poster_arpagamelab_mexico.jpg 1214w\" sizes=\"(max-width: 663px) 100vw, 663px\" \/><\/figure><div class=\"wp-block-media-text__content\">\n<p class=\"has-large-font-size\">\u00a1Este a\u00f1o fue en l\u00ednea!<\/p>\n\n\n\n<p>Derivado de la pandemia el evento esta ocasi\u00f3n fue totalmente en l\u00ednea. A\u00fan as\u00ed, se realizaron varios juegos que puedes visitar en el siguiente enlace:<\/p>\n\n\n\n<p><a href=\"https:\/\/globalgamejam.org\/2021\/jam-sites\/arpa-game-lab\/games\">https:\/\/globalgamejam.org\/2021\/jam-sites\/arpa-game-lab\/games<\/a><\/p>\n<\/div><\/div>\n\n\n\n<hr class=\"wp-block-separator\" \/>\n\n\n\n<h2 class=\"wp-block-heading\">Miceself<\/h2>\n\n\n\n<div class=\"wp-block-media-text alignwide has-media-on-the-right is-stacked-on-mobile\"><figure class=\"wp-block-media-text__media\"><img decoding=\"async\" loading=\"lazy\" width=\"724\" height=\"1024\" src=\"https:\/\/galeria.arpa.buap.mx\/gamelab\/wp-content\/uploads\/sites\/2\/2020\/09\/jxH7D0-724x1024.jpeg\" alt=\"\" class=\"wp-image-253 size-full\" srcset=\"https:\/\/galeria.arpa.buap.mx\/gamelab\/wp-content\/uploads\/sites\/2\/2020\/09\/jxH7D0-724x1024.jpeg 724w, https:\/\/galeria.arpa.buap.mx\/gamelab\/wp-content\/uploads\/sites\/2\/2020\/09\/jxH7D0-212x300.jpeg 212w, https:\/\/galeria.arpa.buap.mx\/gamelab\/wp-content\/uploads\/sites\/2\/2020\/09\/jxH7D0-768x1086.jpeg 768w, https:\/\/galeria.arpa.buap.mx\/gamelab\/wp-content\/uploads\/sites\/2\/2020\/09\/jxH7D0.jpeg 905w\" sizes=\"(max-width: 724px) 100vw, 724px\" \/><\/figure><div class=\"wp-block-media-text__content\">\n<p class=\"has-normal-font-size\">Esta es la participaci\u00f3n del Game Lab en el <a href=\"https:\/\/itch.io\/jam\/houdini-game-jam-2020\">Houdini Game Jam 2020<\/a>.<\/p>\n\n\n\n<p>Una serie de laberintos imposibles, a menos que seas un rat\u00f3n que viaja en el tiempo para ayudarse a s\u00ed mismo.<\/p>\n\n\n\n<ul><li>Game Design and programing: Hector Furlong<\/li><li>3D Modeling:&nbsp;Luis Sierra<\/li><li>Graphic Design: Hugo Rojas<\/li><li>Music and Sound Editing: Emmanuel Juarez<\/li><li>VFX Programming and Shaders: Abner Quiroz<\/li><li>Music &#8220;The Lagoon&#8221;&nbsp;Written by Alexander Nakarada.<\/li><\/ul>\n\n\n\n<a href=\"https:\/\/diazfurlong.itch.io\/miceself\">Visita, descarga y juega Miceself<\/a>\n\n\n\n<p><\/p>\n<\/div><\/div>\n\n\n\n<hr class=\"wp-block-separator\" \/>\n\n\n\n<h2 class=\"wp-block-heading\">Global Game Jam 2020<\/h2>\n\n\n\n<div class=\"wp-block-media-text alignwide\" style=\"grid-template-columns:24% auto\"><figure class=\"wp-block-media-text__media\"><img decoding=\"async\" loading=\"lazy\" width=\"625\" height=\"960\" src=\"https:\/\/galeria.arpa.buap.mx\/gamelab\/wp-content\/uploads\/sites\/2\/2020\/02\/ggj20.png\" alt=\"\" class=\"wp-image-188 size-full\" srcset=\"https:\/\/galeria.arpa.buap.mx\/gamelab\/wp-content\/uploads\/sites\/2\/2020\/02\/ggj20.png 625w, https:\/\/galeria.arpa.buap.mx\/gamelab\/wp-content\/uploads\/sites\/2\/2020\/02\/ggj20-195x300.png 195w\" sizes=\"(max-width: 625px) 100vw, 625px\" \/><\/figure><div class=\"wp-block-media-text__content\">\n<p> Como organizadores de la <a href=\"https:\/\/globalgamejam.org\/2020\/jam-sites\/arpa-game-lab\">sede ARPA Game Lab<\/a> en 2020, lo asistentes  crearon 21 juegos lo cuales puede jugar y revisar en la p\u00e1gina: <\/p>\n\n\n\n<p><a href=\"https:\/\/globalgamejam.org\/2020\/jam-sites\/arpa-game-lab\/games\">https:\/\/globalgamejam.org\/2020\/jam-sites\/arpa-game-lab\/games<\/a><\/p>\n<\/div><\/div>\n\n\n\n<hr class=\"wp-block-separator\" \/>\n\n\n\n<h2 class=\"wp-block-heading\">Here kitty, kitty<\/h2>\n\n\n\n<figure class=\"wp-block-image size-large\"><img decoding=\"async\" loading=\"lazy\" width=\"1024\" height=\"791\" src=\"https:\/\/galeria.arpa.buap.mx\/gamelab\/wp-content\/uploads\/sites\/2\/2020\/02\/hereKittyKitty-1024x791.png\" alt=\"\" class=\"wp-image-185\" srcset=\"https:\/\/galeria.arpa.buap.mx\/gamelab\/wp-content\/uploads\/sites\/2\/2020\/02\/hereKittyKitty-1024x791.png 1024w, https:\/\/galeria.arpa.buap.mx\/gamelab\/wp-content\/uploads\/sites\/2\/2020\/02\/hereKittyKitty-300x232.png 300w, https:\/\/galeria.arpa.buap.mx\/gamelab\/wp-content\/uploads\/sites\/2\/2020\/02\/hereKittyKitty-768x593.png 768w, https:\/\/galeria.arpa.buap.mx\/gamelab\/wp-content\/uploads\/sites\/2\/2020\/02\/hereKittyKitty-1536x1187.png 1536w, https:\/\/galeria.arpa.buap.mx\/gamelab\/wp-content\/uploads\/sites\/2\/2020\/02\/hereKittyKitty-2048x1583.png 2048w\" sizes=\"(max-width: 1024px) 100vw, 1024px\" \/><\/figure>\n\n\n\n<p>Creado para el Epic MegaJam en 2019.<\/p>\n\n\n\n<p>Una nave espacial se estrell\u00f3 en lo alto de un \u00e1rbol, su tripulaci\u00f3n es un grupo de criaturas gatunas alien\u00edgenas que s\u00f3lo quieren volver a casa. Un cazador de aliens llega al sitio y busca bajar a la tierra a los aliens dispar\u00e1ndoles para poder agarrarlos.<\/p>\n\n\n\n<p>Para 4 jugadores locales. Un jugador controla al cazador de aliens y otros controlan a los gatos. Se necesitan por lo menos dos gamepads para jugar.<\/p>\n\n\n\n<p>Puedes revisar la entrada completa y descargar el juego en la siguiente p\u00e1gina:<\/p>\n\n\n\n<a href=\"https:\/\/diazfurlong.itch.io\/here-kitty-kitty\">Here, kitty, kitty by DiazFurlong<\/a>\n\n\n\n<hr class=\"wp-block-separator\" \/>\n\n\n\n<h2 class=\"wp-block-heading\">Global Game Jam 2019<\/h2>\n\n\n\n<div class=\"wp-block-media-text alignwide\" style=\"grid-template-columns:22% auto\"><figure class=\"wp-block-media-text__media\"><img decoding=\"async\" loading=\"lazy\" width=\"663\" height=\"1024\" src=\"https:\/\/galeria.arpa.buap.mx\/gamelab\/wp-content\/uploads\/sites\/2\/2020\/02\/Cartel_gamejam_19-1-663x1024.jpg\" alt=\"\" class=\"wp-image-190 size-full\" srcset=\"https:\/\/galeria.arpa.buap.mx\/gamelab\/wp-content\/uploads\/sites\/2\/2020\/02\/Cartel_gamejam_19-1-663x1024.jpg 663w, https:\/\/galeria.arpa.buap.mx\/gamelab\/wp-content\/uploads\/sites\/2\/2020\/02\/Cartel_gamejam_19-1-194x300.jpg 194w, https:\/\/galeria.arpa.buap.mx\/gamelab\/wp-content\/uploads\/sites\/2\/2020\/02\/Cartel_gamejam_19-1-768x1187.jpg 768w, https:\/\/galeria.arpa.buap.mx\/gamelab\/wp-content\/uploads\/sites\/2\/2020\/02\/Cartel_gamejam_19-1-994x1536.jpg 994w, https:\/\/galeria.arpa.buap.mx\/gamelab\/wp-content\/uploads\/sites\/2\/2020\/02\/Cartel_gamejam_19-1-1325x2048.jpg 1325w, https:\/\/galeria.arpa.buap.mx\/gamelab\/wp-content\/uploads\/sites\/2\/2020\/02\/Cartel_gamejam_19-1-scaled.jpg 1656w\" sizes=\"(max-width: 663px) 100vw, 663px\" \/><\/figure><div class=\"wp-block-media-text__content\">\n<p>En 2019 fuimos <a href=\"https:\/\/globalgamejam.org\/2019\/jam-sites\/arpa-game-lab\">sede del GGJ<\/a> en el cual los asistentes crearon varios juegos que puedes consultar aqu\u00ed:<\/p>\n\n\n\n<p><a href=\"https:\/\/globalgamejam.org\/2019\/jam-sites\/arpa-game-lab\/games\">https:\/\/globalgamejam.org\/2019\/jam-sites\/arpa-game-lab\/games<\/a><\/p>\n<\/div><\/div>\n\n\n\n<hr class=\"wp-block-separator\" \/>\n\n\n\n<h2 class=\"wp-block-heading\">Fish Tanks<\/h2>\n\n\n\n<figure class=\"wp-block-image size-large\"><img decoding=\"async\" loading=\"lazy\" width=\"1024\" height=\"735\" src=\"https:\/\/galeria.arpa.buap.mx\/gamelab\/wp-content\/uploads\/sites\/2\/2020\/02\/fishtanks-1024x735.png\" alt=\"\" class=\"wp-image-183\" srcset=\"https:\/\/galeria.arpa.buap.mx\/gamelab\/wp-content\/uploads\/sites\/2\/2020\/02\/fishtanks-1024x735.png 1024w, https:\/\/galeria.arpa.buap.mx\/gamelab\/wp-content\/uploads\/sites\/2\/2020\/02\/fishtanks-300x215.png 300w, https:\/\/galeria.arpa.buap.mx\/gamelab\/wp-content\/uploads\/sites\/2\/2020\/02\/fishtanks-768x551.png 768w, https:\/\/galeria.arpa.buap.mx\/gamelab\/wp-content\/uploads\/sites\/2\/2020\/02\/fishtanks.png 1201w\" sizes=\"(max-width: 1024px) 100vw, 1024px\" \/><\/figure>\n\n\n\n<p>Creado en noviembre de 2018 para el Indie Game Making Contest.<\/p>\n\n\n\n<p>Fish Tanks. \u00a1Es un juego de estrategia en tiempo real bajo el agua en el que debes defender tu tanque de peces usando peces Tanque! Pelea contra erizos de mar y ostras al agregar el acuario con peces y buzos de adorno (si, es un poco raro).<\/p>\n\n\n\n<p>Puede ver la entrada completa en el siguiente enlace:<\/p>\n\n\n\n<a href=\"https:\/\/diazfurlong.itch.io\/fishtanks\">FishTanks by DiazFurlong<\/a>\n\n\n\n<hr class=\"wp-block-separator\" \/>\n\n\n\n<h2 class=\"wp-block-heading\">Breeding Bunnies<\/h2>\n\n\n\n<figure class=\"wp-block-image alignwide size-large\"><img decoding=\"async\" loading=\"lazy\" width=\"1024\" height=\"527\" src=\"https:\/\/galeria.arpa.buap.mx\/gamelab\/wp-content\/uploads\/sites\/2\/2020\/02\/breedingBunnies-1024x527.png\" alt=\"\" class=\"wp-image-176\" srcset=\"https:\/\/galeria.arpa.buap.mx\/gamelab\/wp-content\/uploads\/sites\/2\/2020\/02\/breedingBunnies-1024x527.png 1024w, https:\/\/galeria.arpa.buap.mx\/gamelab\/wp-content\/uploads\/sites\/2\/2020\/02\/breedingBunnies-300x154.png 300w, https:\/\/galeria.arpa.buap.mx\/gamelab\/wp-content\/uploads\/sites\/2\/2020\/02\/breedingBunnies-768x395.png 768w, https:\/\/galeria.arpa.buap.mx\/gamelab\/wp-content\/uploads\/sites\/2\/2020\/02\/breedingBunnies-1536x791.png 1536w, https:\/\/galeria.arpa.buap.mx\/gamelab\/wp-content\/uploads\/sites\/2\/2020\/02\/breedingBunnies.png 1842w\" sizes=\"(max-width: 1024px) 100vw, 1024px\" \/><\/figure>\n\n\n\n<p>Creado en verano de 2018 para el Unreal Engine 4 Jam.<\/p>\n\n\n\n<p>Breeding bunnies es un juego de acci\u00f3n en el que tomas el control de un granjero que debe impedir la sobre poblaci\u00f3n de conejos en su peque\u00f1o huerto. \u00a1Saca a los conejos antes de que sea imposible evitar que se multipliquen!<\/p>\n\n\n\n<p>Puedes ver la entrada completa para el jam y descargar el juego en la siguiente liga: <\/p>\n\n\n\n<a href=\"https:\/\/diazfurlong.itch.io\/breeding-bunnies\">Breeding Bunnies by DiazFurlong<\/a>\n\n\n\n<hr class=\"wp-block-separator\" \/>\n\n\n\n<h2 class=\"wp-block-heading\">Global Game Jam 2018<\/h2>\n\n\n\n<div class=\"wp-block-media-text alignwide\" style=\"grid-template-columns:22% auto\"><figure class=\"wp-block-media-text__media\"><img decoding=\"async\" loading=\"lazy\" width=\"663\" height=\"1024\" src=\"https:\/\/galeria.arpa.buap.mx\/gamelab\/wp-content\/uploads\/sites\/2\/2020\/02\/26677944_346178409193654_5352463973099661670_o-663x1024.jpg\" alt=\"\" class=\"wp-image-193 size-full\" srcset=\"https:\/\/galeria.arpa.buap.mx\/gamelab\/wp-content\/uploads\/sites\/2\/2020\/02\/26677944_346178409193654_5352463973099661670_o-663x1024.jpg 663w, https:\/\/galeria.arpa.buap.mx\/gamelab\/wp-content\/uploads\/sites\/2\/2020\/02\/26677944_346178409193654_5352463973099661670_o-194x300.jpg 194w, https:\/\/galeria.arpa.buap.mx\/gamelab\/wp-content\/uploads\/sites\/2\/2020\/02\/26677944_346178409193654_5352463973099661670_o-768x1187.jpg 768w, https:\/\/galeria.arpa.buap.mx\/gamelab\/wp-content\/uploads\/sites\/2\/2020\/02\/26677944_346178409193654_5352463973099661670_o-994x1536.jpg 994w, https:\/\/galeria.arpa.buap.mx\/gamelab\/wp-content\/uploads\/sites\/2\/2020\/02\/26677944_346178409193654_5352463973099661670_o.jpg 1304w\" sizes=\"(max-width: 663px) 100vw, 663px\" \/><\/figure><div class=\"wp-block-media-text__content\">\n<p>En 2018 fuimos por primera vez <a href=\"https:\/\/globalgamejam.org\/2018\/jam-sites\/arpa-game-lab\">sede de la Global Game Jam<\/a>.<\/p>\n\n\n\n<p>Puedes revisar los juegos que se crearon durante el evento a continuaci\u00f3n:<\/p>\n\n\n\n<p><a href=\"https:\/\/globalgamejam.org\/2018\/jam-sites\/arpa-game-lab\/games\">https:\/\/globalgamejam.org\/2018\/jam-sites\/arpa-game-lab\/games<\/a><\/p>\n<\/div><\/div>\n","protected":false},"excerpt":{"rendered":"<p>Global Game Jam 2022 \u00a1Revisa los juegos que se realizaron por segunda ocasi\u00f3n a distancia! Una vez m\u00e1s el evento se dio a distancia, pero logramos divertirnos y crear varias ideas bajo la premisa de &#8220;Dualidad&#8221;. Checa aqu\u00ed los juegos: https:\/\/globalgamejam.org\/2022\/jam-sites\/arpa-game-lab\/games Global Game Jam 2021 \u00a1Este a\u00f1o fue en l\u00ednea! Derivado de la pandemia el&#8230;<\/p>\n","protected":false},"author":6,"featured_media":0,"parent":0,"menu_order":0,"comment_status":"closed","ping_status":"closed","template":"","meta":{"_kad_post_transparent":"","_kad_post_title":"","_kad_post_layout":"","_kad_post_sidebar_id":"","_kad_post_content_style":"","_kad_post_vertical_padding":"","_kad_post_feature":"","_kad_post_feature_position":"","_kad_post_header":false,"_kad_post_footer":false,"footnotes":""},"_links":{"self":[{"href":"https:\/\/galeria.arpa.buap.mx\/gamelab\/wp-json\/wp\/v2\/pages\/172"}],"collection":[{"href":"https:\/\/galeria.arpa.buap.mx\/gamelab\/wp-json\/wp\/v2\/pages"}],"about":[{"href":"https:\/\/galeria.arpa.buap.mx\/gamelab\/wp-json\/wp\/v2\/types\/page"}],"author":[{"embeddable":true,"href":"https:\/\/galeria.arpa.buap.mx\/gamelab\/wp-json\/wp\/v2\/users\/6"}],"replies":[{"embeddable":true,"href":"https:\/\/galeria.arpa.buap.mx\/gamelab\/wp-json\/wp\/v2\/comments?post=172"}],"version-history":[{"count":12,"href":"https:\/\/galeria.arpa.buap.mx\/gamelab\/wp-json\/wp\/v2\/pages\/172\/revisions"}],"predecessor-version":[{"id":276,"href":"https:\/\/galeria.arpa.buap.mx\/gamelab\/wp-json\/wp\/v2\/pages\/172\/revisions\/276"}],"wp:attachment":[{"href":"https:\/\/galeria.arpa.buap.mx\/gamelab\/wp-json\/wp\/v2\/media?parent=172"}],"curies":[{"name":"wp","href":"https:\/\/api.w.org\/{rel}","templated":true}]}}