{"id":20,"date":"2020-02-04T23:14:03","date_gmt":"2020-02-04T23:14:03","guid":{"rendered":"https:\/\/galeria.arpa.buap.mx\/gamelab\/?page_id=20"},"modified":"2020-09-17T18:54:23","modified_gmt":"2020-09-17T18:54:23","slug":"bienvenido","status":"publish","type":"page","link":"https:\/\/galeria.arpa.buap.mx\/gamelab\/","title":{"rendered":"ARPA Game Lab &#8211; &#8220;Unirnos para crear&#8221;"},"content":{"rendered":"\n<div class=\"wp-block-group\"><div class=\"wp-block-group__inner-container is-layout-flow wp-block-group-is-layout-flow\">\n<div class=\"wp-block-media-text alignwide\"><figure class=\"wp-block-media-text__media\"><img decoding=\"async\" loading=\"lazy\" width=\"1024\" height=\"791\" src=\"https:\/\/galeria.arpa.buap.mx\/gamelab\/wp-content\/uploads\/sites\/2\/2020\/02\/game-lab-2020-1024x791.png\" alt=\"\" class=\"wp-image-79\" srcset=\"https:\/\/galeria.arpa.buap.mx\/gamelab\/wp-content\/uploads\/sites\/2\/2020\/02\/game-lab-2020-1024x791.png 1024w, https:\/\/galeria.arpa.buap.mx\/gamelab\/wp-content\/uploads\/sites\/2\/2020\/02\/game-lab-2020-300x232.png 300w, https:\/\/galeria.arpa.buap.mx\/gamelab\/wp-content\/uploads\/sites\/2\/2020\/02\/game-lab-2020-768x593.png 768w, https:\/\/galeria.arpa.buap.mx\/gamelab\/wp-content\/uploads\/sites\/2\/2020\/02\/game-lab-2020-1536x1187.png 1536w, https:\/\/galeria.arpa.buap.mx\/gamelab\/wp-content\/uploads\/sites\/2\/2020\/02\/game-lab-2020-2048x1583.png 2048w\" sizes=\"(max-width: 1024px) 100vw, 1024px\" \/><\/figure><div class=\"wp-block-media-text__content\">\n<figure class=\"wp-block-embed-youtube wp-block-embed is-type-video is-provider-youtube wp-embed-aspect-16-9 wp-has-aspect-ratio\"><div class=\"wp-block-embed__wrapper\">\n<iframe loading=\"lazy\" title=\"Segundo aniversario de ARPA Game Lab\" width=\"720\" height=\"405\" src=\"https:\/\/www.youtube.com\/embed\/ym8EiVQyIcs?feature=oembed\" frameborder=\"0\" allow=\"accelerometer; autoplay; clipboard-write; encrypted-media; gyroscope; picture-in-picture\" allowfullscreen><\/iframe>\n<\/div><figcaption>Video del segundo aniversario del Game Lab<\/figcaption><\/figure>\n\n\n\n<p><\/p>\n<\/div><\/div>\n<\/div><\/div>\n\n\n\n<p style=\"font-size:20px\" class=\"has-text-align-center\"> El ARPA Game Lab es un centro de desarrollo de juegos y videojuegos en  donde participan profesores, alumnos y profesionales de la industria.  <\/p>\n\n\n\n<blockquote class=\"wp-block-quote\"><p> <strong>Creemos que los videojuegos son generadores de experiencias que forman personalidades y conductas. <\/strong><\/p><\/blockquote>\n\n\n\n<p style=\"font-size:20px\">El laboratorio se fund\u00f3 el 24 de febrero de 2017 en la Escuela de Artes Pl\u00e1sticas y Audiovisuales de la Benem\u00e9rita Universidad Aut\u00f3noma de Puebla con el objetivo de generar nuevas experiencias interactivas combinando la tecnolog\u00eda, la ciencia y el arte con un esp\u00edritu l\u00fadico y cr\u00edtico.<\/p>\n\n\n\n<p style=\"font-size:20px\"><strong>Objetivos particulares:<\/strong><\/p>\n\n\n\n<ul><li>Integrar a profesores y alumnos entorno al desarrollo de videojuegos de calidad, formando equipos multidisciplinarios.<\/li><li>Generar l\u00edneas de investigaci\u00f3n en el desarrollo de videojuegos. <\/li><li>Publicar y comercializar los juegos desarrollados a trav\u00e9s de tiendas virtuales de videojuegos. <\/li><\/ul>\n\n\n\n<p style=\"font-size:20px\"><strong>Algunas de nuestras actividades son:<\/strong><\/p>\n\n\n\n<ul><li>Dise\u00f1o de juegos de mesa, videojuegos y aplicaciones multimedia<\/li><li>Creaci\u00f3n de arte para videojuegos <\/li><li>Animaci\u00f3n 2D y 3D para videojuegos <\/li><li>Modelado, texturizado y render <\/li><li>Programaci\u00f3n y desarrollo <\/li><li>Cursos y capacitaci\u00f3n <\/li><\/ul>\n","protected":false},"excerpt":{"rendered":"<p>El ARPA Game Lab es un centro de desarrollo de juegos y videojuegos en donde participan profesores, alumnos y profesionales de la industria. Creemos que los videojuegos son generadores de experiencias que forman personalidades y conductas. El laboratorio se fund\u00f3 el 24 de febrero de 2017 en la Escuela de Artes Pl\u00e1sticas y Audiovisuales de&#8230;<\/p>\n","protected":false},"author":6,"featured_media":122,"parent":0,"menu_order":0,"comment_status":"closed","ping_status":"closed","template":"templates\/no-sidebar.php","meta":{"_kad_post_transparent":"","_kad_post_title":"","_kad_post_layout":"","_kad_post_sidebar_id":"","_kad_post_content_style":"","_kad_post_vertical_padding":"","_kad_post_feature":"","_kad_post_feature_position":"","_kad_post_header":false,"_kad_post_footer":false,"footnotes":""},"_links":{"self":[{"href":"https:\/\/galeria.arpa.buap.mx\/gamelab\/wp-json\/wp\/v2\/pages\/20"}],"collection":[{"href":"https:\/\/galeria.arpa.buap.mx\/gamelab\/wp-json\/wp\/v2\/pages"}],"about":[{"href":"https:\/\/galeria.arpa.buap.mx\/gamelab\/wp-json\/wp\/v2\/types\/page"}],"author":[{"embeddable":true,"href":"https:\/\/galeria.arpa.buap.mx\/gamelab\/wp-json\/wp\/v2\/users\/6"}],"replies":[{"embeddable":true,"href":"https:\/\/galeria.arpa.buap.mx\/gamelab\/wp-json\/wp\/v2\/comments?post=20"}],"version-history":[{"count":16,"href":"https:\/\/galeria.arpa.buap.mx\/gamelab\/wp-json\/wp\/v2\/pages\/20\/revisions"}],"predecessor-version":[{"id":258,"href":"https:\/\/galeria.arpa.buap.mx\/gamelab\/wp-json\/wp\/v2\/pages\/20\/revisions\/258"}],"wp:featuredmedia":[{"embeddable":true,"href":"https:\/\/galeria.arpa.buap.mx\/gamelab\/wp-json\/wp\/v2\/media\/122"}],"wp:attachment":[{"href":"https:\/\/galeria.arpa.buap.mx\/gamelab\/wp-json\/wp\/v2\/media?parent=20"}],"curies":[{"name":"wp","href":"https:\/\/api.w.org\/{rel}","templated":true}]}}