{"id":230,"date":"2020-09-16T04:07:53","date_gmt":"2020-09-16T04:07:53","guid":{"rendered":"https:\/\/galeria.arpa.buap.mx\/gamelab\/?page_id=230"},"modified":"2020-09-16T04:55:08","modified_gmt":"2020-09-16T04:55:08","slug":"enlaces","status":"publish","type":"page","link":"https:\/\/galeria.arpa.buap.mx\/gamelab\/enlaces\/","title":{"rendered":"Contacto"},"content":{"rendered":"\n<div class=\"wp-block-columns is-layout-flex wp-container-3 wp-block-columns-is-layout-flex\">\n<div class=\"wp-block-column is-layout-flow wp-block-column-is-layout-flow\">\n\n<\/div>\n\n\n\n<div class=\"wp-block-column is-layout-flow wp-block-column-is-layout-flow\">\n<h3 class=\"wp-block-heading\">Correo electr\u00f3nico<\/h3>\n\n\n\n<p class=\"has-text-align-center\"><a href=\"mailto:gamelab.arpa@correo.buap.mx\">gamelab.arpa@correo.buap.mx<\/a><\/p>\n\n\n\n<h3 class=\"wp-block-heading\">Direcci\u00f3n<\/h3>\n\n\n\n<p class=\"has-text-align-center\">V\u00eda Atlixc\u00e1yotl No. 2499, Puebla. Puebla. C.P 72810<br>Edificio sur 1, primer piso.<\/p>\n\n\n\n<h3 class=\"wp-block-heading\">Redes<\/h3>\n\n\n\n<p class=\"has-text-align-center\"><a href=\"https:\/\/www.facebook.com\/arpagamelab\">P\u00e1gina de Facebook<\/a><\/p>\n\n\n\n<p class=\"has-text-align-center\"><a href=\"https:\/\/www.youtube.com\/channel\/UCS2DvohWdLBiy3EaLrScZ4g\">Canal de YouTube<\/a><\/p>\n\n\n\n<p class=\"has-text-align-center\"><a href=\"https:\/\/www.twitch.tv\/arpagamelab\/\">Canal de Twitch<\/a><\/p>\n<\/div>\n<\/div>\n\n\n\n<p><\/p>\n","protected":false},"excerpt":{"rendered":"<p>Correo electr\u00f3nico gamelab.arpa@correo.buap.mx Direcci\u00f3n V\u00eda Atlixc\u00e1yotl No. 2499, Puebla. Puebla. C.P 72810Edificio sur 1, primer piso. Redes P\u00e1gina de Facebook Canal de YouTube Canal de Twitch<\/p>\n","protected":false},"author":6,"featured_media":0,"parent":0,"menu_order":0,"comment_status":"closed","ping_status":"closed","template":"","meta":{"_kad_post_transparent":"","_kad_post_title":"","_kad_post_layout":"","_kad_post_sidebar_id":"","_kad_post_content_style":"","_kad_post_vertical_padding":"","_kad_post_feature":"","_kad_post_feature_position":"","_kad_post_header":false,"_kad_post_footer":false,"footnotes":""},"_links":{"self":[{"href":"https:\/\/galeria.arpa.buap.mx\/gamelab\/wp-json\/wp\/v2\/pages\/230"}],"collection":[{"href":"https:\/\/galeria.arpa.buap.mx\/gamelab\/wp-json\/wp\/v2\/pages"}],"about":[{"href":"https:\/\/galeria.arpa.buap.mx\/gamelab\/wp-json\/wp\/v2\/types\/page"}],"author":[{"embeddable":true,"href":"https:\/\/galeria.arpa.buap.mx\/gamelab\/wp-json\/wp\/v2\/users\/6"}],"replies":[{"embeddable":true,"href":"https:\/\/galeria.arpa.buap.mx\/gamelab\/wp-json\/wp\/v2\/comments?post=230"}],"version-history":[{"count":14,"href":"https:\/\/galeria.arpa.buap.mx\/gamelab\/wp-json\/wp\/v2\/pages\/230\/revisions"}],"predecessor-version":[{"id":251,"href":"https:\/\/galeria.arpa.buap.mx\/gamelab\/wp-json\/wp\/v2\/pages\/230\/revisions\/251"}],"wp:attachment":[{"href":"https:\/\/galeria.arpa.buap.mx\/gamelab\/wp-json\/wp\/v2\/media?parent=230"}],"curies":[{"name":"wp","href":"https:\/\/api.w.org\/{rel}","templated":true}]}}