{"id":96,"date":"2020-02-21T18:09:51","date_gmt":"2020-02-21T18:09:51","guid":{"rendered":"https:\/\/galeria.arpa.buap.mx\/gamelab\/?page_id=96"},"modified":"2023-09-22T15:07:53","modified_gmt":"2023-09-22T15:07:53","slug":"integrantes","status":"publish","type":"page","link":"https:\/\/galeria.arpa.buap.mx\/gamelab\/bienvenido\/integrantes\/","title":{"rendered":"Integrantes"},"content":{"rendered":"<hr>\n\n\n<div class=\"wp-block-media-text alignfull is-vertically-aligned-top\" style=\"grid-template-columns:16% auto\"><figure class=\"wp-block-media-text__media\"><img decoding=\"async\" loading=\"lazy\" width=\"666\" height=\"1024\" src=\"https:\/\/galeria.arpa.buap.mx\/gamelab\/wp-content\/uploads\/sites\/2\/2020\/08\/HectorHormigaAlpha-666x1024.png\" alt=\"\" class=\"wp-image-223 size-full\" srcset=\"https:\/\/galeria.arpa.buap.mx\/gamelab\/wp-content\/uploads\/sites\/2\/2020\/08\/HectorHormigaAlpha-666x1024.png 666w, https:\/\/galeria.arpa.buap.mx\/gamelab\/wp-content\/uploads\/sites\/2\/2020\/08\/HectorHormigaAlpha-195x300.png 195w, https:\/\/galeria.arpa.buap.mx\/gamelab\/wp-content\/uploads\/sites\/2\/2020\/08\/HectorHormigaAlpha.png 732w\" sizes=\"(max-width: 666px) 100vw, 666px\" \/><\/figure><div class=\"wp-block-media-text__content\">\n<div class=\"wp-block-media-text alignwide has-media-on-the-right\" style=\"grid-template-columns:auto 23%\"><div class=\"wp-block-media-text__content\">\n<h4 class=\"wp-block-heading has-text-align-center\">H\u00e9ctor Adri\u00e1n D\u00edaz Furlong<\/h4>\n\n\n\n<p class=\"has-text-align-left\">Soy egresado de la Maestr\u00eda en Ciencias de la Computaci\u00f3n por la Universidad Nacional Aut\u00f3noma de M\u00e9xico. <\/p>\n\n\n\n<p>Mi sue\u00f1o siempre ha sido crear videojuegos. En 2010, mi equipo y yo fuimos seleccionados como finalistas en la categor\u00eda de dise\u00f1o de juegos de la competencia Microsoft Imagine Cup, representando a M\u00e9xico en Varsovia, Polonia con nuestro juego The Chronicles of Balam. En 2011, adaptamos este juego a dispositivos m\u00f3viles y volvimos a ser finalistas en esta competencia en Nueva York. En 2013, particip\u00e9 en el desarrollo del proyecto &#8220;5 de Mayo: El videojuego&#8221;, realizado en el Centro de Innovaci\u00f3n y Dise\u00f1o Digital de la BUAP. Ese mismo a\u00f1o, fundamos la Escuela de Artes Pl\u00e1sticas y Audiovisuales de la BUAP y particip\u00e9 en el dise\u00f1o de la Licenciatura en Arte Digital, en donde doy clases y me desempe\u00f1o como Coordinador hasta la fecha.<\/p>\n\n\n\n<p>En 2017 publiqu\u00e9 el juego independiente Sand Sara para dispositivos m\u00f3viles y, un a\u00f1o despu\u00e9s, el juego Heroglyphs.<\/p>\n\n\n\n<p>En 2019, fui seleccionado por la organizaci\u00f3n GaymerX como representante de la comunidad de desarrolladores de videojuegos LGBT+ para asistir a la Game Developers Conference.<\/p>\n\n\n\n<p>Desde 2017, participo en los proyectos y eventos del ARPA Game Lab, una de mis partes favoritas de mi trabajo en la universidad.<\/p>\n\n\n\n<p class=\"has-text-align-left\"> Algunos de mis juegos favoritos son Final Fantasy VII, Shadow of The Colossus, Journey y Horizon: Zero Dawn<\/p>\n\n\n\n<p class=\"has-text-align-center\">Contacto: <strong>hector.diazfurlong@correo.buap.mx<\/strong><\/p>\n\n\n\n<p>\u00a1Gracias a Uriel Hidalgo por el dibujo!<\/p>\n<\/div><figure class=\"wp-block-media-text__media\"><img decoding=\"async\" loading=\"lazy\" width=\"640\" height=\"960\" src=\"https:\/\/galeria.arpa.buap.mx\/gamelab\/wp-content\/uploads\/sites\/2\/2020\/02\/60031809_10157256960747359_7660350184194310144_n.jpg\" alt=\"\" class=\"wp-image-37 size-full\" srcset=\"https:\/\/galeria.arpa.buap.mx\/gamelab\/wp-content\/uploads\/sites\/2\/2020\/02\/60031809_10157256960747359_7660350184194310144_n.jpg 640w, https:\/\/galeria.arpa.buap.mx\/gamelab\/wp-content\/uploads\/sites\/2\/2020\/02\/60031809_10157256960747359_7660350184194310144_n-200x300.jpg 200w\" sizes=\"(max-width: 640px) 100vw, 640px\" \/><\/figure><\/div>\n<\/div><\/div>\n\n\n\n<div class=\"wp-block-media-text alignfull is-vertically-aligned-top\" style=\"grid-template-columns:16% auto\"><figure class=\"wp-block-media-text__media\"><img decoding=\"async\" loading=\"lazy\" width=\"768\" height=\"1024\" src=\"https:\/\/galeria.arpa.buap.mx\/gamelab\/wp-content\/uploads\/sites\/2\/2020\/02\/PosterZelda-768x1024.jpg\" alt=\"\" class=\"wp-image-71 size-full\" srcset=\"https:\/\/galeria.arpa.buap.mx\/gamelab\/wp-content\/uploads\/sites\/2\/2020\/02\/PosterZelda-768x1024.jpg 768w, https:\/\/galeria.arpa.buap.mx\/gamelab\/wp-content\/uploads\/sites\/2\/2020\/02\/PosterZelda-225x300.jpg 225w, https:\/\/galeria.arpa.buap.mx\/gamelab\/wp-content\/uploads\/sites\/2\/2020\/02\/PosterZelda-1152x1536.jpg 1152w, https:\/\/galeria.arpa.buap.mx\/gamelab\/wp-content\/uploads\/sites\/2\/2020\/02\/PosterZelda-1536x2048.jpg 1536w, https:\/\/galeria.arpa.buap.mx\/gamelab\/wp-content\/uploads\/sites\/2\/2020\/02\/PosterZelda-scaled.jpg 1920w\" sizes=\"(max-width: 768px) 100vw, 768px\" \/><\/figure><div class=\"wp-block-media-text__content\">\n<div class=\"wp-block-media-text alignwide has-media-on-the-right is-vertically-aligned-top\" style=\"grid-template-columns:auto 23%\"><div class=\"wp-block-media-text__content\">\n<h4 class=\"wp-block-heading has-text-align-center\">Abner Quiroz Clemente<\/h4>\n\n\n\n<p class=\"has-text-align-left\">Soy egresado de la Maestr\u00eda en Ingenier\u00eda (Computaci\u00f3n) con especialidad en ambientes virtuales e im\u00e1genes digitales por la Universidad Aut\u00f3noma de M\u00e9xico. <\/p>\n\n\n\n<p>Hice mi primer videojuegos en Turbo Pascal a los 12 a\u00f1os y desde entonces me he dedicado a la programaci\u00f3n. En 2012 fui parte del equipo de rob\u00f3tica dotMX (UNAM-CINVESTAV) que gan\u00f3 el medalla de oro en la competencia de futbol &#8220;Hurosot United&#8221; en las olimpiadas rob\u00f3ticas FIRA 2012 (Federation of International Robo-Soccer Association) celebradas en Bristol, Reino Unido. <\/p>\n\n\n\n<p>He participado en el desarrollo de varios videojuegos para PC y dispositivos m\u00f3viles, as\u00ed como aplicaciones de Realidad Virtual, como programador y dise\u00f1ador de juego.<\/p>\n\n\n\n<p class=\"has-text-align-left\"> Algunos de mis juegos favoritos son The Legend of Zelda Ocarina of Time, Batman Arkham Knight, World of Warcraft y Chrono Trigger.<\/p>\n\n\n\n<p class=\"has-text-align-center\">Contacto: <strong>abner.quiroz@correo.buap.mx<\/strong><\/p>\n\n\n\n<p>  \u00a1Gracias a <a href=\"https:\/\/www.facebook.com\/Jackorein-338170706757603\/\">Jackorein<\/a> por la ilustraci\u00f3n!<\/p>\n<\/div><figure class=\"wp-block-media-text__media\"><img decoding=\"async\" loading=\"lazy\" width=\"596\" height=\"1024\" src=\"https:\/\/galeria.arpa.buap.mx\/gamelab\/wp-content\/uploads\/sites\/2\/2020\/02\/perfil01-596x1024.png\" alt=\"perfilabner\" class=\"wp-image-76 size-full\" srcset=\"https:\/\/galeria.arpa.buap.mx\/gamelab\/wp-content\/uploads\/sites\/2\/2020\/02\/perfil01-596x1024.png 596w, https:\/\/galeria.arpa.buap.mx\/gamelab\/wp-content\/uploads\/sites\/2\/2020\/02\/perfil01-175x300.png 175w, https:\/\/galeria.arpa.buap.mx\/gamelab\/wp-content\/uploads\/sites\/2\/2020\/02\/perfil01-768x1319.png 768w, https:\/\/galeria.arpa.buap.mx\/gamelab\/wp-content\/uploads\/sites\/2\/2020\/02\/perfil01-894x1536.png 894w, https:\/\/galeria.arpa.buap.mx\/gamelab\/wp-content\/uploads\/sites\/2\/2020\/02\/perfil01.png 1132w\" sizes=\"(max-width: 596px) 100vw, 596px\" \/><\/figure><\/div>\n<\/div><\/div>\n\n\n<hr>\n\n\n<div class=\"wp-block-media-text alignfull is-vertically-aligned-top\" style=\"grid-template-columns:16% auto\"><figure class=\"wp-block-media-text__media\"><img decoding=\"async\" loading=\"lazy\" width=\"197\" height=\"191\" src=\"https:\/\/galeria.arpa.buap.mx\/gamelab\/wp-content\/uploads\/sites\/2\/2020\/02\/perfil-hugo.jpeg\" alt=\"perfil-hugo\" class=\"wp-image-168 size-full\" \/><\/figure><div class=\"wp-block-media-text__content\">\n<div class=\"wp-block-media-text alignwide has-media-on-the-right is-vertically-aligned-top\" style=\"grid-template-columns:auto 23%\"><div class=\"wp-block-media-text__content\">\n<h4 class=\"wp-block-heading has-text-align-center\"> Hugo Enrique Rojas Cisneros <\/h4>\n\n\n\n<p class=\"has-text-align-left\">Soy egresado de la licenciatura en Dise\u00f1o Gr\u00e1fico por la Benem\u00e9rita   Universidad Aut\u00f3noma de Puebla.<\/p>\n\n\n\n<p class=\"has-text-align-left\"> Desde el a\u00f1o 2007 me he desempe\u00f1ando  como animador e ilustrador para estudios como Animex, Anima Estudios,   Nickelodeon Animation y Disney channel latinoamerica. He participado en   diversos largometrajes y series animadas. Actualmente me desempe\u00f1o como   docente en la carrera de arte digital y me especializo en animaci\u00f3n 2D  y todo lo relacionado con desarrollo visual.  <\/p>\n\n\n\n<p class=\"has-text-align-left\"> Algunos de mis juegos favoritos son The Last of Us, Bioshock y la saga de Metal Gear.  <\/p>\n\n\n\n<p class=\"has-text-align-center\">Contacto: <strong>hugo.rojascis@correo.buap.mx<\/strong><\/p>\n\n\n\n<p> \u00a1Gracias a <a href=\"https:\/\/www.deviantart.com\/zackfonfair\">Novak <\/a>por el dibujo! <\/p>\n<\/div><figure class=\"wp-block-media-text__media\"><img decoding=\"async\" loading=\"lazy\" width=\"900\" height=\"960\" src=\"https:\/\/galeria.arpa.buap.mx\/gamelab\/wp-content\/uploads\/sites\/2\/2020\/02\/perfil-hugo.png\" alt=\"foto-hugo\" class=\"wp-image-166 size-full\" srcset=\"https:\/\/galeria.arpa.buap.mx\/gamelab\/wp-content\/uploads\/sites\/2\/2020\/02\/perfil-hugo.png 900w, https:\/\/galeria.arpa.buap.mx\/gamelab\/wp-content\/uploads\/sites\/2\/2020\/02\/perfil-hugo-281x300.png 281w, https:\/\/galeria.arpa.buap.mx\/gamelab\/wp-content\/uploads\/sites\/2\/2020\/02\/perfil-hugo-768x819.png 768w\" sizes=\"(max-width: 900px) 100vw, 900px\" \/><\/figure><\/div>\n<\/div><\/div>\n\n\n<hr>\n\n\n<div class=\"wp-block-media-text alignfull is-vertically-aligned-top\" style=\"grid-template-columns:16% auto\"><figure class=\"wp-block-media-text__media\"><img decoding=\"async\" loading=\"lazy\" width=\"663\" height=\"663\" src=\"https:\/\/galeria.arpa.buap.mx\/gamelab\/wp-content\/uploads\/sites\/2\/2020\/02\/perfil-luis.jpg\" alt=\"perfil-luis\" class=\"wp-image-99 size-full\" srcset=\"https:\/\/galeria.arpa.buap.mx\/gamelab\/wp-content\/uploads\/sites\/2\/2020\/02\/perfil-luis.jpg 663w, https:\/\/galeria.arpa.buap.mx\/gamelab\/wp-content\/uploads\/sites\/2\/2020\/02\/perfil-luis-300x300.jpg 300w, https:\/\/galeria.arpa.buap.mx\/gamelab\/wp-content\/uploads\/sites\/2\/2020\/02\/perfil-luis-150x150.jpg 150w, https:\/\/galeria.arpa.buap.mx\/gamelab\/wp-content\/uploads\/sites\/2\/2020\/02\/perfil-luis-640x640.jpg 640w, https:\/\/galeria.arpa.buap.mx\/gamelab\/wp-content\/uploads\/sites\/2\/2020\/02\/perfil-luis-270x270.jpg 270w, https:\/\/galeria.arpa.buap.mx\/gamelab\/wp-content\/uploads\/sites\/2\/2020\/02\/perfil-luis-480x480.jpg 480w, https:\/\/galeria.arpa.buap.mx\/gamelab\/wp-content\/uploads\/sites\/2\/2020\/02\/perfil-luis-100x100.jpg 100w, https:\/\/galeria.arpa.buap.mx\/gamelab\/wp-content\/uploads\/sites\/2\/2020\/02\/perfil-luis-50x50.jpg 50w\" sizes=\"(max-width: 663px) 100vw, 663px\" \/><\/figure><div class=\"wp-block-media-text__content\">\n<div class=\"wp-block-media-text alignwide has-media-on-the-right is-vertically-aligned-top\" style=\"grid-template-columns:auto 23%\"><div class=\"wp-block-media-text__content\">\n<h4 class=\"wp-block-heading has-text-align-center\">Luis Ernesto Sierra Orozco<\/h4>\n\n\n\n<p class=\"has-text-align-left\">Soy Artista Digital, egresado del Instituto Tecnol\u00f3gico y de Estudios Superiores de Monterrey, Campus Puebla con Concentraci\u00f3n en Animaci\u00f3n y Efectos Visuales.<\/p>\n\n\n\n<p class=\"has-text-align-left\">Dibujo y me apasionan los videojuegos desde que tengo memoria. Trabajo como Generalista 3D y un gusto en el Modelado de Personajes y Criaturas.  Hago retratos, pintura de figura humana y acuarelas al aire libre cada que puedo.<\/p>\n\n\n\n<p class=\"has-text-align-left\">Creo que los fundamentos mejoran un estilo (no lo substituyen) y tambi\u00e9n en procesos agn\u00f3sticos al software, aunque por lo general tenga una construcci\u00f3n estable y dos o tres experimentales de Blender.<\/p>\n\n\n\n<p class=\"has-text-align-left\">Me gusta tanto el universo de Destiny que lo juego intensamente por 3 d\u00edas seguidos sin interacci\u00f3n social o cuidado personal cada 5 o 6 meses, con tal de en alg\u00fan momento poder contribuir a su construcci\u00f3n.  <\/p>\n\n\n\n<p class=\"has-text-align-center\">Contacto: <strong>ernesto.sierra@correo.buap.mx<\/strong><\/p>\n\n\n\n<p> \u00a1Gracias a <a href=\"https:\/\/www.facebook.com\/BoruDBrian\">Boru D Brian<\/a> por la ilustraci\u00f3n!  <\/p>\n<\/div><figure class=\"wp-block-media-text__media\"><img decoding=\"async\" loading=\"lazy\" width=\"1024\" height=\"1024\" src=\"https:\/\/galeria.arpa.buap.mx\/gamelab\/wp-content\/uploads\/sites\/2\/2020\/02\/WhatsApp-Image-2019-10-15-at-21.14.08-1024x1024.jpeg\" alt=\"\" class=\"wp-image-129 size-full\" srcset=\"https:\/\/galeria.arpa.buap.mx\/gamelab\/wp-content\/uploads\/sites\/2\/2020\/02\/WhatsApp-Image-2019-10-15-at-21.14.08-1024x1024.jpeg 1024w, https:\/\/galeria.arpa.buap.mx\/gamelab\/wp-content\/uploads\/sites\/2\/2020\/02\/WhatsApp-Image-2019-10-15-at-21.14.08-300x300.jpeg 300w, https:\/\/galeria.arpa.buap.mx\/gamelab\/wp-content\/uploads\/sites\/2\/2020\/02\/WhatsApp-Image-2019-10-15-at-21.14.08-150x150.jpeg 150w, https:\/\/galeria.arpa.buap.mx\/gamelab\/wp-content\/uploads\/sites\/2\/2020\/02\/WhatsApp-Image-2019-10-15-at-21.14.08-768x768.jpeg 768w, https:\/\/galeria.arpa.buap.mx\/gamelab\/wp-content\/uploads\/sites\/2\/2020\/02\/WhatsApp-Image-2019-10-15-at-21.14.08-640x640.jpeg 640w, https:\/\/galeria.arpa.buap.mx\/gamelab\/wp-content\/uploads\/sites\/2\/2020\/02\/WhatsApp-Image-2019-10-15-at-21.14.08-270x270.jpeg 270w, https:\/\/galeria.arpa.buap.mx\/gamelab\/wp-content\/uploads\/sites\/2\/2020\/02\/WhatsApp-Image-2019-10-15-at-21.14.08-480x480.jpeg 480w, https:\/\/galeria.arpa.buap.mx\/gamelab\/wp-content\/uploads\/sites\/2\/2020\/02\/WhatsApp-Image-2019-10-15-at-21.14.08-100x100.jpeg 100w, https:\/\/galeria.arpa.buap.mx\/gamelab\/wp-content\/uploads\/sites\/2\/2020\/02\/WhatsApp-Image-2019-10-15-at-21.14.08-50x50.jpeg 50w, https:\/\/galeria.arpa.buap.mx\/gamelab\/wp-content\/uploads\/sites\/2\/2020\/02\/WhatsApp-Image-2019-10-15-at-21.14.08.jpeg 1280w\" sizes=\"(max-width: 1024px) 100vw, 1024px\" \/><\/figure><\/div>\n<\/div><\/div>\n\n\n<hr \/>\n\n\n<div class=\"wp-block-media-text alignfull is-vertically-aligned-top\" style=\"grid-template-columns:16% auto\"><figure class=\"wp-block-media-text__media\"><img decoding=\"async\" loading=\"lazy\" width=\"960\" height=\"960\" src=\"https:\/\/galeria.arpa.buap.mx\/gamelab\/wp-content\/uploads\/sites\/2\/2020\/02\/perfil-emmanuel.jpg\" alt=\"perfil-emmanuel\" class=\"wp-image-104 size-full\" srcset=\"https:\/\/galeria.arpa.buap.mx\/gamelab\/wp-content\/uploads\/sites\/2\/2020\/02\/perfil-emmanuel.jpg 960w, https:\/\/galeria.arpa.buap.mx\/gamelab\/wp-content\/uploads\/sites\/2\/2020\/02\/perfil-emmanuel-300x300.jpg 300w, https:\/\/galeria.arpa.buap.mx\/gamelab\/wp-content\/uploads\/sites\/2\/2020\/02\/perfil-emmanuel-150x150.jpg 150w, https:\/\/galeria.arpa.buap.mx\/gamelab\/wp-content\/uploads\/sites\/2\/2020\/02\/perfil-emmanuel-768x768.jpg 768w, https:\/\/galeria.arpa.buap.mx\/gamelab\/wp-content\/uploads\/sites\/2\/2020\/02\/perfil-emmanuel-640x640.jpg 640w, https:\/\/galeria.arpa.buap.mx\/gamelab\/wp-content\/uploads\/sites\/2\/2020\/02\/perfil-emmanuel-270x270.jpg 270w, https:\/\/galeria.arpa.buap.mx\/gamelab\/wp-content\/uploads\/sites\/2\/2020\/02\/perfil-emmanuel-480x480.jpg 480w, https:\/\/galeria.arpa.buap.mx\/gamelab\/wp-content\/uploads\/sites\/2\/2020\/02\/perfil-emmanuel-100x100.jpg 100w, https:\/\/galeria.arpa.buap.mx\/gamelab\/wp-content\/uploads\/sites\/2\/2020\/02\/perfil-emmanuel-50x50.jpg 50w\" sizes=\"(max-width: 960px) 100vw, 960px\" \/><\/figure><div class=\"wp-block-media-text__content\">\n<div class=\"wp-block-media-text alignwide has-media-on-the-right\" style=\"grid-template-columns:auto 23%\"><div class=\"wp-block-media-text__content\">\n<h4 class=\"wp-block-heading has-text-align-center\">Emmanuel Ju\u00e1rez Cort\u00e9s<\/h4>\n\n\n\n<p class=\"has-text-align-left\">Soy egresado de la Ingenier\u00eda en Tecnolog\u00edas Interactivas y Animaci\u00f3n Digital por la Universidad del Valle de M\u00e9xico.<\/p>\n\n\n\n<p>Me especializo en rigging para personajes y animaci\u00f3n 3D, pero conozco tambi\u00e9n el proceso de las otras \u00e1reas de la animaci\u00f3n. Una de las cosas que mas me encanta de trabajar en 3D es resolver los problemas t\u00e9cnicos que surgen durante las diferentes  etapas de producci\u00f3n de cualquier proyecto. El software en el cual me desempe\u00f1o es principalmente Autodesk Maya aunque me mantengo al d\u00eda de las dem\u00e1s paqueter\u00edas  que se usa en la industria.<\/p>\n\n\n\n<p>\u00a1Siempre se puede mejorar en lo que quepa de tus posibilidades! \ud83d\ude42<\/p>\n\n\n\n<p class=\"has-text-align-left\">Mis juegos favoritos son Metal Gear Solid, los de estrategia como Age of Empires y shooters como Call of Duty.<\/p>\n\n\n\n<p class=\"has-text-align-center\">Contacto: <strong>emmanuel.juarezc@correo.buap.mx<\/strong><\/p>\n\n\n\n<p> \u00a1Gracias a Dansc Santa Cruz por la ilustraci\u00f3n!  <\/p>\n<\/div><figure class=\"wp-block-media-text__media\"><img decoding=\"async\" loading=\"lazy\" width=\"640\" height=\"640\" src=\"https:\/\/galeria.arpa.buap.mx\/gamelab\/wp-content\/uploads\/sites\/2\/2020\/02\/perfil-emmanuel2.jpg\" alt=\"foto-emmanuel\" class=\"wp-image-105 size-full\" srcset=\"https:\/\/galeria.arpa.buap.mx\/gamelab\/wp-content\/uploads\/sites\/2\/2020\/02\/perfil-emmanuel2.jpg 640w, https:\/\/galeria.arpa.buap.mx\/gamelab\/wp-content\/uploads\/sites\/2\/2020\/02\/perfil-emmanuel2-300x300.jpg 300w, https:\/\/galeria.arpa.buap.mx\/gamelab\/wp-content\/uploads\/sites\/2\/2020\/02\/perfil-emmanuel2-150x150.jpg 150w, https:\/\/galeria.arpa.buap.mx\/gamelab\/wp-content\/uploads\/sites\/2\/2020\/02\/perfil-emmanuel2-270x270.jpg 270w, https:\/\/galeria.arpa.buap.mx\/gamelab\/wp-content\/uploads\/sites\/2\/2020\/02\/perfil-emmanuel2-480x480.jpg 480w, https:\/\/galeria.arpa.buap.mx\/gamelab\/wp-content\/uploads\/sites\/2\/2020\/02\/perfil-emmanuel2-100x100.jpg 100w, https:\/\/galeria.arpa.buap.mx\/gamelab\/wp-content\/uploads\/sites\/2\/2020\/02\/perfil-emmanuel2-50x50.jpg 50w\" sizes=\"(max-width: 640px) 100vw, 640px\" \/><\/figure><\/div>\n<\/div><\/div>\n\n\n<hr \/>\n\n\n<div class=\"wp-block-media-text alignfull is-vertically-aligned-top\" style=\"grid-template-columns:16% auto\"><figure class=\"wp-block-media-text__media\"><img decoding=\"async\" loading=\"lazy\" width=\"576\" height=\"1024\" src=\"https:\/\/galeria.arpa.buap.mx\/gamelab\/wp-content\/uploads\/sites\/2\/2021\/10\/WhatsApp-Image-2021-10-21-at-9.09.54-PM-576x1024.jpeg\" alt=\"\" class=\"wp-image-264 size-full\" srcset=\"https:\/\/galeria.arpa.buap.mx\/gamelab\/wp-content\/uploads\/sites\/2\/2021\/10\/WhatsApp-Image-2021-10-21-at-9.09.54-PM-576x1024.jpeg 576w, https:\/\/galeria.arpa.buap.mx\/gamelab\/wp-content\/uploads\/sites\/2\/2021\/10\/WhatsApp-Image-2021-10-21-at-9.09.54-PM-169x300.jpeg 169w, https:\/\/galeria.arpa.buap.mx\/gamelab\/wp-content\/uploads\/sites\/2\/2021\/10\/WhatsApp-Image-2021-10-21-at-9.09.54-PM.jpeg 720w\" sizes=\"(max-width: 576px) 100vw, 576px\" \/><\/figure><div class=\"wp-block-media-text__content\">\n<div class=\"wp-block-media-text alignwide has-media-on-the-right\" style=\"grid-template-columns:auto 23%\"><div class=\"wp-block-media-text__content\">\n<h4 class=\"wp-block-heading has-text-align-center\">Guillermo Arturo G\u00f3mez R\u00edos<\/h4>\n\n\n\n<p>Soy egresado de la licenciatura de Dise\u00f1o Gr\u00e1fico por la Benem\u00e9rita Universidad Aut\u00f3noma de Puebla.<\/p>\n\n\n\n<p>Desde muy peque\u00f1o supe que quer\u00eda hacer pel\u00edculas animadas, por lo que al terminar mi licenciatura me incorpor\u00e9 a diversos estudios para aprender diferentes procesos de animaci\u00f3n, me desempe\u00f1e en los departamentos de dise\u00f1o de personajes y arte conceptual 2D, posteriormente me especialic\u00e9 en procesos de preproducci\u00f3n de proyectos audiovisuales y desde el 2017 soy parte de la planta docente de la licenciatura de Arte Digital en ARPA, impartiendo clases y apoyando a diversos estudiantes en la preproducci\u00f3n de sus proyectos finales.<\/p>\n\n\n\n<p>Actualmente a parte de la docencia, colaboro en proyectos nacionales e internacionales en el asesoramiento de dise\u00f1o e imagen corporativa, migrando de la gr\u00e1fica est\u00e1tica al mundo animado. <\/p>\n\n\n\n<p>\u201cQuiero decir p\u00fablicamente que la trilog\u00eda de \u201cKung Fu Panda\u201d es superior a la saga de Toy Story, pero hay personas que no est\u00e1n listas para esta conversaci\u00f3n\u201d.<\/p>\n\n\n\n<p class=\"has-text-align-center\">Contacto: <strong>arturo.gomezri@correo.buap.mx<\/strong><\/p>\n<\/div><figure class=\"wp-block-media-text__media\"><img decoding=\"async\" loading=\"lazy\" width=\"886\" height=\"1024\" src=\"https:\/\/galeria.arpa.buap.mx\/gamelab\/wp-content\/uploads\/sites\/2\/2021\/10\/WhatsApp-Image-2021-10-21-at-9.17.30-PM-886x1024.jpeg\" alt=\"\" class=\"wp-image-266 size-full\" srcset=\"https:\/\/galeria.arpa.buap.mx\/gamelab\/wp-content\/uploads\/sites\/2\/2021\/10\/WhatsApp-Image-2021-10-21-at-9.17.30-PM-886x1024.jpeg 886w, https:\/\/galeria.arpa.buap.mx\/gamelab\/wp-content\/uploads\/sites\/2\/2021\/10\/WhatsApp-Image-2021-10-21-at-9.17.30-PM-259x300.jpeg 259w, https:\/\/galeria.arpa.buap.mx\/gamelab\/wp-content\/uploads\/sites\/2\/2021\/10\/WhatsApp-Image-2021-10-21-at-9.17.30-PM-768x888.jpeg 768w, https:\/\/galeria.arpa.buap.mx\/gamelab\/wp-content\/uploads\/sites\/2\/2021\/10\/WhatsApp-Image-2021-10-21-at-9.17.30-PM.jpeg 1107w\" sizes=\"(max-width: 886px) 100vw, 886px\" \/><\/figure><\/div>\n\n\n\n<hr class=\"wp-block-separator has-alpha-channel-opacity\" \/>\n<\/div><\/div>\n\n\n<hr \/>\n\n\n<div class=\"wp-block-media-text alignfull is-vertically-aligned-top\" style=\"grid-template-columns:16% auto\"><figure class=\"wp-block-media-text__media\"><img decoding=\"async\" loading=\"lazy\" width=\"644\" height=\"644\" src=\"https:\/\/galeria.arpa.buap.mx\/gamelab\/wp-content\/uploads\/sites\/2\/2020\/02\/84739218_801069830371174_1630705185716174848_n-1.png\" alt=\"\" class=\"wp-image-44 size-full\" srcset=\"https:\/\/galeria.arpa.buap.mx\/gamelab\/wp-content\/uploads\/sites\/2\/2020\/02\/84739218_801069830371174_1630705185716174848_n-1.png 644w, https:\/\/galeria.arpa.buap.mx\/gamelab\/wp-content\/uploads\/sites\/2\/2020\/02\/84739218_801069830371174_1630705185716174848_n-1-300x300.png 300w, https:\/\/galeria.arpa.buap.mx\/gamelab\/wp-content\/uploads\/sites\/2\/2020\/02\/84739218_801069830371174_1630705185716174848_n-1-150x150.png 150w, https:\/\/galeria.arpa.buap.mx\/gamelab\/wp-content\/uploads\/sites\/2\/2020\/02\/84739218_801069830371174_1630705185716174848_n-1-270x270.png 270w, https:\/\/galeria.arpa.buap.mx\/gamelab\/wp-content\/uploads\/sites\/2\/2020\/02\/84739218_801069830371174_1630705185716174848_n-1-480x480.png 480w, https:\/\/galeria.arpa.buap.mx\/gamelab\/wp-content\/uploads\/sites\/2\/2020\/02\/84739218_801069830371174_1630705185716174848_n-1-100x100.png 100w\" sizes=\"(max-width: 644px) 100vw, 644px\" \/><\/figure><div class=\"wp-block-media-text__content\">\n<div class=\"wp-block-media-text alignwide has-media-on-the-right\" style=\"grid-template-columns:auto 23%\"><div class=\"wp-block-media-text__content\">\n<h4 class=\"wp-block-heading has-text-align-center\">Ariadna Baez Rojas<\/h4>\n\n\n\n<p>Soy egresada de la licenciatura en Mercadotecnia y Medios Digitales por la Benem\u00e9rita Universidad Aut\u00f3noma de Puebla.<\/p>\n\n\n\n<p>Desde que era una ni\u00f1a siempre me ha encantado el dibujo, el dise\u00f1o, las animaciones y los videojuegos, con el tiempo aprend\u00ed a utilizar software de dibujo y dise\u00f1o, herramientas que se convirtieron una extensi\u00f3n de mi imaginaci\u00f3n y el complemento perfecto para una carrera econ\u00f3mico-administrativa, s\u00e9 que puede sonar como una combinaci\u00f3n poco com\u00fan pero como dir\u00eda Kiriko &#8220;El mundo no se cambia siguiendo todas las reglas&#8221;. Desde el 2022 soy asistente de Coordinaci\u00f3n de Arte Digital y miembro del Game Lab en donde tengo la suerte de combinar todas mis pasiones en un solo trabajo contribuyendo al proceso creativo.<\/p>\n\n\n\n<p>Algunos de mis juegos favoritos son Stardew Valley, Hogwarts Legacy, Mario Rabbits, Super Mario Odissey, Overcooked, Overwatch y todas las sagas de Crash Bandicoot.<\/p>\n\n\n\n<p class=\"has-text-align-center\">Contacto: <strong>ariadna.baezrojas@correo.buap.mx<\/strong><\/p>\n<\/div><figure class=\"wp-block-media-text__media\"><img decoding=\"async\" loading=\"lazy\" width=\"738\" height=\"1024\" src=\"https:\/\/galeria.arpa.buap.mx\/gamelab\/wp-content\/uploads\/sites\/2\/2023\/09\/A2A11631-738x1024.jpg\" alt=\"\" class=\"wp-image-286 size-full\" srcset=\"https:\/\/galeria.arpa.buap.mx\/gamelab\/wp-content\/uploads\/sites\/2\/2023\/09\/A2A11631-738x1024.jpg 738w, https:\/\/galeria.arpa.buap.mx\/gamelab\/wp-content\/uploads\/sites\/2\/2023\/09\/A2A11631-216x300.jpg 216w, https:\/\/galeria.arpa.buap.mx\/gamelab\/wp-content\/uploads\/sites\/2\/2023\/09\/A2A11631-768x1066.jpg 768w, https:\/\/galeria.arpa.buap.mx\/gamelab\/wp-content\/uploads\/sites\/2\/2023\/09\/A2A11631-1107x1536.jpg 1107w, https:\/\/galeria.arpa.buap.mx\/gamelab\/wp-content\/uploads\/sites\/2\/2023\/09\/A2A11631-1476x2048.jpg 1476w, https:\/\/galeria.arpa.buap.mx\/gamelab\/wp-content\/uploads\/sites\/2\/2023\/09\/A2A11631.jpg 1782w\" sizes=\"(max-width: 738px) 100vw, 738px\" \/><\/figure><\/div>\n\n\n\n<p><\/p>\n<\/div><\/div>\n","protected":false},"excerpt":{"rendered":"","protected":false},"author":6,"featured_media":159,"parent":20,"menu_order":0,"comment_status":"closed","ping_status":"closed","template":"templates\/right-sidebar.php","meta":{"_kad_post_transparent":"","_kad_post_title":"","_kad_post_layout":"","_kad_post_sidebar_id":"","_kad_post_content_style":"","_kad_post_vertical_padding":"","_kad_post_feature":"","_kad_post_feature_position":"","_kad_post_header":false,"_kad_post_footer":false,"footnotes":""},"_links":{"self":[{"href":"https:\/\/galeria.arpa.buap.mx\/gamelab\/wp-json\/wp\/v2\/pages\/96"}],"collection":[{"href":"https:\/\/galeria.arpa.buap.mx\/gamelab\/wp-json\/wp\/v2\/pages"}],"about":[{"href":"https:\/\/galeria.arpa.buap.mx\/gamelab\/wp-json\/wp\/v2\/types\/page"}],"author":[{"embeddable":true,"href":"https:\/\/galeria.arpa.buap.mx\/gamelab\/wp-json\/wp\/v2\/users\/6"}],"replies":[{"embeddable":true,"href":"https:\/\/galeria.arpa.buap.mx\/gamelab\/wp-json\/wp\/v2\/comments?post=96"}],"version-history":[{"count":29,"href":"https:\/\/galeria.arpa.buap.mx\/gamelab\/wp-json\/wp\/v2\/pages\/96\/revisions"}],"predecessor-version":[{"id":287,"href":"https:\/\/galeria.arpa.buap.mx\/gamelab\/wp-json\/wp\/v2\/pages\/96\/revisions\/287"}],"up":[{"embeddable":true,"href":"https:\/\/galeria.arpa.buap.mx\/gamelab\/wp-json\/wp\/v2\/pages\/20"}],"wp:featuredmedia":[{"embeddable":true,"href":"https:\/\/galeria.arpa.buap.mx\/gamelab\/wp-json\/wp\/v2\/media\/159"}],"wp:attachment":[{"href":"https:\/\/galeria.arpa.buap.mx\/gamelab\/wp-json\/wp\/v2\/media?parent=96"}],"curies":[{"name":"wp","href":"https:\/\/api.w.org\/{rel}","templated":true}]}}